{"id":182,"date":"2023-02-06T18:31:35","date_gmt":"2023-02-06T17:31:35","guid":{"rendered":"http:\/\/j2mb.fr\/?page_id=182"},"modified":"2023-12-21T16:06:42","modified_gmt":"2023-12-21T15:06:42","slug":"regulation-2","status":"publish","type":"page","link":"https:\/\/j2mb.fr\/index.php\/regulation-2\/","title":{"rendered":"R\u00e9gulation"},"content":{"rendered":"<p>[et_pb_section fb_built=\u00a0\u00bb1&Prime; _builder_version=\u00a0\u00bb4.23.2&Prime; _module_preset=\u00a0\u00bbdefault\u00a0\u00bb background_color=\u00a0\u00bb#203faa\u00a0\u00bb custom_padding=\u00a0\u00bb0px||5px|||\u00a0\u00bb animation_style=\u00a0\u00bbslide\u00a0\u00bb hover_enabled=\u00a0\u00bb0&Prime; global_colors_info=\u00a0\u00bb{}\u00a0\u00bb disabled_on=\u00a0\u00bbon|on|on\u00a0\u00bb disabled=\u00a0\u00bbon\u00a0\u00bb sticky_enabled=\u00a0\u00bb0&Prime;][et_pb_row _builder_version=\u00a0\u00bb4.19.2&Prime; _module_preset=\u00a0\u00bbdefault\u00a0\u00bb custom_padding=\u00a0\u00bb||20px|||\u00a0\u00bb global_colors_info=\u00a0\u00bb{}\u00a0\u00bb][et_pb_column type=\u00a0\u00bb4_4&Prime; _builder_version=\u00a0\u00bb4.19.2&Prime; _module_preset=\u00a0\u00bbdefault\u00a0\u00bb global_colors_info=\u00a0\u00bb{}\u00a0\u00bb][et_pb_text _builder_version=\u00a0\u00bb4.19.2&Prime; _module_preset=\u00a0\u00bbdefault\u00a0\u00bb custom_padding=\u00a0\u00bb||0px|||\u00a0\u00bb global_colors_info=\u00a0\u00bb{}\u00a0\u00bb]<\/p>\n<h2 style=\"text-align: center;\"><strong><span style=\"color: #ffffff;\">Recrute un monteur \u00e9lectricien et un(e) apprenti(e)<\/span> <span style=\"color: #ffffff;\">proche de Caen (h\/f)<\/span><\/strong><\/h2>\n<p>[\/et_pb_text][\/et_pb_column][\/et_pb_row][\/et_pb_section][et_pb_section fb_built=\u00a0\u00bb1&Prime; next_background_color=\u00a0\u00bb#ffffff\u00a0\u00bb _builder_version=\u00a0\u00bb4.19.2&Prime; _module_preset=\u00a0\u00bbdefault\u00a0\u00bb background_color=\u00a0\u00bb#ffbd3d\u00a0\u00bb custom_padding=\u00a0\u00bb17px||4px|||\u00a0\u00bb bottom_divider_style=\u00a0\u00bbarrow\u00a0\u00bb global_colors_info=\u00a0\u00bb{}\u00a0\u00bb][et_pb_row _builder_version=\u00a0\u00bb4.19.2&Prime; _module_preset=\u00a0\u00bbdefault\u00a0\u00bb custom_margin=\u00a0\u00bb||||false|false\u00a0\u00bb custom_padding=\u00a0\u00bb||||false|false\u00a0\u00bb global_colors_info=\u00a0\u00bb{}\u00a0\u00bb][et_pb_column type=\u00a0\u00bb4_4&Prime; _builder_version=\u00a0\u00bb4.19.2&Prime; _module_preset=\u00a0\u00bbdefault\u00a0\u00bb background_enable_color=\u00a0\u00bboff\u00a0\u00bb global_colors_info=\u00a0\u00bb{}\u00a0\u00bb][et_pb_text _builder_version=\u00a0\u00bb4.19.2&Prime; _module_preset=\u00a0\u00bbdefault\u00a0\u00bb custom_margin=\u00a0\u00bb20px|20px|85px|20px|false|false\u00a0\u00bb global_colors_info=\u00a0\u00bb{}\u00a0\u00bb]<\/p>\n<h1 style=\"text-align: center;\"><span style=\"color: #203faa;\">L&rsquo;optimisation de l&rsquo;utilisation de l&rsquo;\u00e9nergie est un d\u00e9fi crucial.<\/span><\/h1>\n<p style=\"text-align: center;\"><span style=\"color: #ffffff;\">Dans un b\u00e2timent, les besoins en termes de confort des occupants sont importants, mais la maitrise des \u00e9nergies les tout autant.<\/span><br \/><span style=\"color: #ffffff;\">C\u2019est pourquoi J2MB offre des solutions pour piloter, contr\u00f4ler les syst\u00e8mes de chauffage et de ventilation de vos installations.<\/span><br \/><span style=\"color: #ffffff;\">Pour r\u00e9pondre \u00e0 ce besoin, nous disposons de notre exp\u00e9rience ainsi que d\u2019un r\u00e9seau de partenaire reconnu.<\/span><\/p>\n<p>[\/et_pb_text][\/et_pb_column][\/et_pb_row][\/et_pb_section][et_pb_section fb_built=\u00a0\u00bb1&Prime; _builder_version=\u00a0\u00bb4.19.2&Prime; _module_preset=\u00a0\u00bbdefault\u00a0\u00bb custom_padding=\u00a0\u00bb19px||15px|||\u00a0\u00bb global_colors_info=\u00a0\u00bb{}\u00a0\u00bb][et_pb_row column_structure=\u00a0\u00bb3_5,2_5&Prime; _builder_version=\u00a0\u00bb4.19.2&Prime; _module_preset=\u00a0\u00bbdefault\u00a0\u00bb global_colors_info=\u00a0\u00bb{}\u00a0\u00bb][et_pb_column type=\u00a0\u00bb3_5&Prime; _builder_version=\u00a0\u00bb4.19.2&Prime; _module_preset=\u00a0\u00bbdefault\u00a0\u00bb global_colors_info=\u00a0\u00bb{}\u00a0\u00bb][et_pb_text _builder_version=\u00a0\u00bb4.19.2&Prime; _module_preset=\u00a0\u00bbdefault\u00a0\u00bb custom_margin=\u00a0\u00bb||2px|||\u00a0\u00bb global_colors_info=\u00a0\u00bb{}\u00a0\u00bb]<\/p>\n<h2 class=\"gmail_default\" style=\"text-align: left;\"><span style=\"font-size: medium;\"><strong>1- La liste de points<\/strong> <span style=\"color: #3a3a3a;\">nous permet de dimensionner le nombre d&rsquo;entr\u00e9es-sorties de l&rsquo;automate<\/span><\/span><\/h2>\n<p>[\/et_pb_text][et_pb_image src=\u00a0\u00bbhttps:\/\/j2mb.fr\/wp-content\/uploads\/2023\/02\/Exemple-liste-de-points.png\u00a0\u00bb title_text=\u00a0\u00bbExemple liste de points\u00a0\u00bb show_in_lightbox=\u00a0\u00bbon\u00a0\u00bb _builder_version=\u00a0\u00bb4.19.2&Prime; _module_preset=\u00a0\u00bbdefault\u00a0\u00bb box_shadow_style=\u00a0\u00bbpreset2&Prime; global_colors_info=\u00a0\u00bb{}\u00a0\u00bb][\/et_pb_image][\/et_pb_column][et_pb_column type=\u00a0\u00bb2_5&Prime; _builder_version=\u00a0\u00bb4.19.2&Prime; _module_preset=\u00a0\u00bbdefault\u00a0\u00bb global_colors_info=\u00a0\u00bb{}\u00a0\u00bb][et_pb_text _builder_version=\u00a0\u00bb4.19.2&Prime; _module_preset=\u00a0\u00bbdefault\u00a0\u00bb custom_margin=\u00a0\u00bb||15px|||\u00a0\u00bb global_colors_info=\u00a0\u00bb{}\u00a0\u00bb]<\/p>\n<h2 class=\"gmail_default\" style=\"text-align: left;\"><span style=\"font-size: medium;\"><strong>2-Analyse Fonctionnelle :<\/strong><span style=\"color: #3a3a3a;\"> \u00e9crite en fonction du CCTP du projet elle permet de valider le fonctionnement de l&rsquo;installation avec le client final, elle est \u00e9galement le document de travail pour la programmation de l&rsquo;automate<\/span>\u00a0<\/span><\/h2>\n<p>[\/et_pb_text][et_pb_text _builder_version=\u00a0\u00bb4.19.2&Prime; _module_preset=\u00a0\u00bbdefault\u00a0\u00bb custom_margin=\u00a0\u00bb||0px|||\u00a0\u00bb custom_padding=\u00a0\u00bb5px||0px|||\u00a0\u00bb global_colors_info=\u00a0\u00bb{}\u00a0\u00bb]<\/p>\n<h2 class=\"gmail_default\" style=\"text-align: left;\"><strong><span style=\"font-size: large;\">3-<span style=\"font-size: medium;\">R\u00e9union technique multi lot (GTB)<\/span><\/span><\/strong><\/h2>\n<div class=\"gmail_default\" style=\"text-align: center;\"><\/div>\n<p>[\/et_pb_text][et_pb_text _builder_version=\u00a0\u00bb4.19.2&Prime; _module_preset=\u00a0\u00bbdefault\u00a0\u00bb custom_margin=\u00a0\u00bb||0px|||\u00a0\u00bb custom_padding=\u00a0\u00bb5px||0px|||\u00a0\u00bb global_colors_info=\u00a0\u00bb{}\u00a0\u00bb]<\/p>\n<h2 class=\"gmail_default\" style=\"text-align: left;\"><strong><span style=\"font-size: large;\">4-<span style=\"font-size: medium;\">Programmation<\/span> :<\/span><\/strong><\/h2>\n<div class=\"gmail_default\" style=\"text-align: center;\"><\/div>\n<p>[\/et_pb_text][et_pb_image src=\u00a0\u00bbhttps:\/\/j2mb.fr\/wp-content\/uploads\/2023\/02\/Exemple-Prog.jpg\u00a0\u00bb title_text=\u00a0\u00bbExemple Prog\u00a0\u00bb show_in_lightbox=\u00a0\u00bbon\u00a0\u00bb _builder_version=\u00a0\u00bb4.19.2&Prime; _module_preset=\u00a0\u00bbdefault\u00a0\u00bb box_shadow_style=\u00a0\u00bbpreset2&Prime; global_colors_info=\u00a0\u00bb{}\u00a0\u00bb][\/et_pb_image][\/et_pb_column][\/et_pb_row][\/et_pb_section][et_pb_section fb_built=\u00a0\u00bb1&Prime; _builder_version=\u00a0\u00bb4.19.2&Prime; _module_preset=\u00a0\u00bbdefault\u00a0\u00bb background_color=\u00a0\u00bb#203faa\u00a0\u00bb custom_margin=\u00a0\u00bb31px|||||\u00a0\u00bb custom_padding=\u00a0\u00bb12px||42px|||\u00a0\u00bb global_colors_info=\u00a0\u00bb{}\u00a0\u00bb][et_pb_row _builder_version=\u00a0\u00bb4.19.2&Prime; _module_preset=\u00a0\u00bbdefault\u00a0\u00bb background_color=\u00a0\u00bb#203faa\u00a0\u00bb custom_margin=\u00a0\u00bb7px|auto||auto||\u00a0\u00bb custom_padding=\u00a0\u00bb19px|||||\u00a0\u00bb global_colors_info=\u00a0\u00bb{}\u00a0\u00bb][et_pb_column type=\u00a0\u00bb4_4&Prime; _builder_version=\u00a0\u00bb4.19.2&Prime; _module_preset=\u00a0\u00bbdefault\u00a0\u00bb global_colors_info=\u00a0\u00bb{}\u00a0\u00bb][et_pb_text _builder_version=\u00a0\u00bb4.19.2&Prime; _module_preset=\u00a0\u00bbdefault\u00a0\u00bb custom_margin=\u00a0\u00bb|20px|-14px|20px|false|false\u00a0\u00bb global_colors_info=\u00a0\u00bb{}\u00a0\u00bb]<\/p>\n<h2 class=\"gmail_default\" style=\"text-align: left;\"><span style=\"color: #ffffff;\"><strong><span style=\"font-size: medium;\">5-D\u00e9veloppement de l&rsquo;imagerie <\/span><\/strong><span style=\"font-size: medium;\">lorsque le site est \u00e9quip\u00e9 d&rsquo;une GTB (Gestion Technique du B\u00e2timent)<\/span><\/span><\/h2>\n<p>[\/et_pb_text][\/et_pb_column][\/et_pb_row][et_pb_row column_structure=\u00a0\u00bb1_3,1_3,1_3&Prime; _builder_version=\u00a0\u00bb4.19.2&Prime; _module_preset=\u00a0\u00bbdefault\u00a0\u00bb background_color=\u00a0\u00bb#203faa\u00a0\u00bb custom_margin=\u00a0\u00bb-5px|auto||auto||\u00a0\u00bb custom_padding=\u00a0\u00bb|20px|9px|20px|false|false\u00a0\u00bb global_colors_info=\u00a0\u00bb{}\u00a0\u00bb][et_pb_column type=\u00a0\u00bb1_3&Prime; _builder_version=\u00a0\u00bb4.19.2&Prime; _module_preset=\u00a0\u00bbdefault\u00a0\u00bb global_colors_info=\u00a0\u00bb{}\u00a0\u00bb][et_pb_image src=\u00a0\u00bbhttps:\/\/j2mb.fr\/wp-content\/uploads\/2023\/02\/Chaufferie.jpg\u00a0\u00bb title_text=\u00a0\u00bbChaufferie\u00a0\u00bb show_in_lightbox=\u00a0\u00bbon\u00a0\u00bb _builder_version=\u00a0\u00bb4.19.2&Prime; _module_preset=\u00a0\u00bbdefault\u00a0\u00bb global_colors_info=\u00a0\u00bb{}\u00a0\u00bb][\/et_pb_image][et_pb_text _builder_version=\u00a0\u00bb4.19.2&Prime; _module_preset=\u00a0\u00bbdefault\u00a0\u00bb global_colors_info=\u00a0\u00bb{}\u00a0\u00bb]<\/p>\n<p style=\"text-align: center;\"><span style=\"color: #ffffff;\">Chaufferie<\/span><\/p>\n<p>[\/et_pb_text][\/et_pb_column][et_pb_column type=\u00a0\u00bb1_3&Prime; _builder_version=\u00a0\u00bb4.19.2&Prime; _module_preset=\u00a0\u00bbdefault\u00a0\u00bb global_colors_info=\u00a0\u00bb{}\u00a0\u00bb][et_pb_image src=\u00a0\u00bbhttps:\/\/j2mb.fr\/wp-content\/uploads\/2023\/02\/CTA-Piscine.jpg\u00a0\u00bb title_text=\u00a0\u00bbCTA Piscine\u00a0\u00bb show_in_lightbox=\u00a0\u00bbon\u00a0\u00bb _builder_version=\u00a0\u00bb4.19.2&Prime; _module_preset=\u00a0\u00bbdefault\u00a0\u00bb global_colors_info=\u00a0\u00bb{}\u00a0\u00bb][\/et_pb_image][et_pb_text _builder_version=\u00a0\u00bb4.19.2&Prime; _module_preset=\u00a0\u00bbdefault\u00a0\u00bb global_colors_info=\u00a0\u00bb{}\u00a0\u00bb]<\/p>\n<p style=\"text-align: center;\"><span style=\"color: #ffffff;\">CTA piscine<\/span><\/p>\n<p>[\/et_pb_text][\/et_pb_column][et_pb_column type=\u00a0\u00bb1_3&Prime; _builder_version=\u00a0\u00bb4.19.2&Prime; _module_preset=\u00a0\u00bbdefault\u00a0\u00bb global_colors_info=\u00a0\u00bb{}\u00a0\u00bb][et_pb_image src=\u00a0\u00bbhttps:\/\/j2mb.fr\/wp-content\/uploads\/2023\/02\/Vue-En-plan.jpg\u00a0\u00bb title_text=\u00a0\u00bbVue En plan\u00a0\u00bb show_in_lightbox=\u00a0\u00bbon\u00a0\u00bb _builder_version=\u00a0\u00bb4.19.2&Prime; _module_preset=\u00a0\u00bbdefault\u00a0\u00bb global_colors_info=\u00a0\u00bb{}\u00a0\u00bb][\/et_pb_image][et_pb_text _builder_version=\u00a0\u00bb4.19.2&Prime; _module_preset=\u00a0\u00bbdefault\u00a0\u00bb global_colors_info=\u00a0\u00bb{}\u00a0\u00bb]<\/p>\n<p style=\"text-align: center;\"><span style=\"color: #ffffff;\">Vue en plan<\/span><\/p>\n<p>[\/et_pb_text][\/et_pb_column][\/et_pb_row][et_pb_row _builder_version=\u00a0\u00bb4.19.2&Prime; _module_preset=\u00a0\u00bbdefault\u00a0\u00bb custom_margin=\u00a0\u00bb|auto|-15px||false|false\u00a0\u00bb custom_padding=\u00a0\u00bb||9px|20px|false|false\u00a0\u00bb global_colors_info=\u00a0\u00bb{}\u00a0\u00bb][et_pb_column type=\u00a0\u00bb4_4&Prime; _builder_version=\u00a0\u00bb4.19.2&Prime; _module_preset=\u00a0\u00bbdefault\u00a0\u00bb global_colors_info=\u00a0\u00bb{}\u00a0\u00bb][et_pb_text _builder_version=\u00a0\u00bb4.19.2&Prime; _module_preset=\u00a0\u00bbdefault\u00a0\u00bb custom_margin=\u00a0\u00bb||-7px|||\u00a0\u00bb custom_padding=\u00a0\u00bb9px||0px|||\u00a0\u00bb global_colors_info=\u00a0\u00bb{}\u00a0\u00bb]<\/p>\n<h2 class=\"gmail_default\" style=\"text-align: left;\"><span style=\"color: #ffffff;\"><strong><span style=\"font-size: medium;\">6-Rapport mise en servic<span>e et formation du personnel exploitant\u00a0<\/span><\/span><\/strong><\/span><\/h2>\n<p>[\/et_pb_text][\/et_pb_column][\/et_pb_row][\/et_pb_section]<\/p>\n","protected":false},"excerpt":{"rendered":"<p>Recrute un monteur \u00e9lectricien et un(e) apprenti(e) proche de Caen (h\/f)L&rsquo;optimisation de l&rsquo;utilisation de l&rsquo;\u00e9nergie est un d\u00e9fi crucial. Dans un b\u00e2timent, les besoins en termes de confort des occupants sont importants, mais la maitrise des \u00e9nergies les tout autant.C\u2019est pourquoi J2MB offre des solutions pour piloter, contr\u00f4ler les syst\u00e8mes de chauffage et de ventilation [&hellip;]<\/p>\n","protected":false},"author":1,"featured_media":0,"parent":0,"menu_order":0,"comment_status":"closed","ping_status":"closed","template":"","meta":{"_et_pb_use_builder":"on","_et_pb_old_content":"","_et_gb_content_width":"","footnotes":""},"class_list":["post-182","page","type-page","status-publish","hentry"],"_links":{"self":[{"href":"https:\/\/j2mb.fr\/index.php\/wp-json\/wp\/v2\/pages\/182","targetHints":{"allow":["GET"]}}],"collection":[{"href":"https:\/\/j2mb.fr\/index.php\/wp-json\/wp\/v2\/pages"}],"about":[{"href":"https:\/\/j2mb.fr\/index.php\/wp-json\/wp\/v2\/types\/page"}],"author":[{"embeddable":true,"href":"https:\/\/j2mb.fr\/index.php\/wp-json\/wp\/v2\/users\/1"}],"replies":[{"embeddable":true,"href":"https:\/\/j2mb.fr\/index.php\/wp-json\/wp\/v2\/comments?post=182"}],"version-history":[{"count":39,"href":"https:\/\/j2mb.fr\/index.php\/wp-json\/wp\/v2\/pages\/182\/revisions"}],"predecessor-version":[{"id":387,"href":"https:\/\/j2mb.fr\/index.php\/wp-json\/wp\/v2\/pages\/182\/revisions\/387"}],"wp:attachment":[{"href":"https:\/\/j2mb.fr\/index.php\/wp-json\/wp\/v2\/media?parent=182"}],"curies":[{"name":"wp","href":"https:\/\/api.w.org\/{rel}","templated":true}]}}